{"id":307,"date":"2011-01-26T12:08:54","date_gmt":"2011-01-26T12:08:54","guid":{"rendered":"http:\/\/therapiecognitive.com\/?page_id=307"},"modified":"2011-01-26T12:08:54","modified_gmt":"2011-01-26T12:08:54","slug":"association-la-longevite-francaise","status":"publish","type":"page","link":"https:\/\/therapiecognitive.com\/?page_id=307","title":{"rendered":"Association La Long\u00e9vit\u00e9 fran\u00e7aise"},"content":{"rendered":"<p>Le site TherapieCognitive.com vous est propos\u00e9 par l&rsquo;association <a href=\"http:\/\/lalongevitefrancaise.com\">La Long\u00e9vit\u00e9 fran\u00e7aise<\/a> dont les objectifs sont la pr\u00e9vention, la cognition et le vieillissement durable.<\/p>\n<p>L&rsquo;approche cognitive des probl\u00e8mes psychologiques pr\u00e9sente plusieurs avantages qui la rendent incontournable:<\/p>\n<p>&#8211; efficacit\u00e9 rapide (parfois d\u00e8s les premi\u00e8res s\u00e9ances)<br \/>\n&#8211; transparence (les explications sont simples et intelligibles)<br \/>\n&#8211; concentration sur le pr\u00e9sent et le futur<br \/>\n&#8211; applicable \u00e0 tout \u00e2ge<br \/>\n&#8211; consensus scientifique<\/p>\n<p>Le grand pr\u00e9curseur de cette approche fut un Fran\u00e7ais, Emile Cou\u00e9.<\/p>\n<p>Dr Alexandre-Pierre Gaspar,<br \/>\nPr\u00e9sident de La Long\u00e9vit\u00e9 fran\u00e7aise.<\/p>\n","protected":false},"excerpt":{"rendered":"<p>Le site TherapieCognitive.com vous est propos\u00e9 par l&rsquo;association La Long\u00e9vit\u00e9 fran\u00e7aise dont les objectifs sont la pr\u00e9vention, la cognition et le vieillissement durable. L&rsquo;approche cognitive des probl\u00e8mes psychologiques pr\u00e9sente plusieurs avantages qui la rendent incontournable: &#8211; efficacit\u00e9 rapide (parfois d\u00e8s les premi\u00e8res s\u00e9ances) &#8211; transparence (les explications sont simples et intelligibles) &#8211; concentration sur le [&hellip;]<\/p>\n","protected":false},"author":1,"featured_media":0,"parent":0,"menu_order":0,"comment_status":"closed","ping_status":"open","template":"","meta":{"footnotes":""},"class_list":["post-307","page","type-page","status-publish","hentry"],"_links":{"self":[{"href":"https:\/\/therapiecognitive.com\/index.php?rest_route=\/wp\/v2\/pages\/307","targetHints":{"allow":["GET"]}}],"collection":[{"href":"https:\/\/therapiecognitive.com\/index.php?rest_route=\/wp\/v2\/pages"}],"about":[{"href":"https:\/\/therapiecognitive.com\/index.php?rest_route=\/wp\/v2\/types\/page"}],"author":[{"embeddable":true,"href":"https:\/\/therapiecognitive.com\/index.php?rest_route=\/wp\/v2\/users\/1"}],"replies":[{"embeddable":true,"href":"https:\/\/therapiecognitive.com\/index.php?rest_route=%2Fwp%2Fv2%2Fcomments&post=307"}],"version-history":[{"count":0,"href":"https:\/\/therapiecognitive.com\/index.php?rest_route=\/wp\/v2\/pages\/307\/revisions"}],"wp:attachment":[{"href":"https:\/\/therapiecognitive.com\/index.php?rest_route=%2Fwp%2Fv2%2Fmedia&parent=307"}],"curies":[{"name":"wp","href":"https:\/\/api.w.org\/{rel}","templated":true}]}}